{"id":40,"date":"2015-02-14T18:38:05","date_gmt":"2015-02-14T17:38:05","guid":{"rendered":"https:\/\/www.albabertolini.it\/?page_id=40"},"modified":"2019-02-04T16:43:43","modified_gmt":"2019-02-04T15:43:43","slug":"cookie-policy","status":"publish","type":"page","link":"https:\/\/www.albabertolini.it\/?page_id=40","title":{"rendered":"Cookie Policy"},"content":{"rendered":"<p>[et_pb_section fb_built=&#8221;1&#8243; _builder_version=&#8221;3.19.5&#8243;][et_pb_row _builder_version=&#8221;3.19.5&#8243;][et_pb_column type=&#8221;4_4&#8243; _builder_version=&#8221;3.19.5&#8243; parallax=&#8221;off&#8221; parallax_method=&#8221;on&#8221;][et_pb_text _builder_version=&#8221;3.19.5&#8243;]<\/p>\n<p><strong>Informativa sui cookie<\/strong><\/p>\n<p>Questo sito utilizza esclusivamente cookie necessari al suo funzionamento. Non sono presenti cookie di profilazione o cookie di terze parti. <br \/>Di seguito maggiori informazioni in merito ai cookie e all\u2019utilizzo che ne viene fatto. Qualora foste contrari all\u2019utilizzo dei cookie, potete procedere con la loro disabilitazione, seguendo le istruzioni riportate pi\u00f9 sotto.<\/p>\n<p><strong><\/strong><\/p>\n<p><strong>Che cosa sono i cookie<\/strong><br \/>I cookie sono un file di testo memorizzati su un computer o dispositivo mobile dal server di un sito Internet. Tale server \u00e8 in grado di recuperare o di leggere il contenuto dei cookie. I cookie sono gestiti dai browser Internet. Ogni cookie \u00e8 unico e contiene informazioni anonime e permette a un sito di ricordarsi delle preferenze di navigazione dell\u2019utente.<\/p>\n<p>I cookie non registrano alcuna informazione personale sugli utenti e gli eventuali dati identificabili non vengono memorizzati. Se si desidera disabilitare l\u2019uso dei cookie \u00e8 necessario personalizzare le impostazioni del proprio computer impostando la cancellazione di tutti i cookie o attivando un messaggio di avviso quando i cookie vengono memorizzati. Per procedere senza modificare l\u2019applicazione dei cookie \u00e8 sufficiente continuare con la navigazione.<\/p>\n<p><strong><\/strong><\/p>\n<p><strong>Tipologia di cookie &#8211; Cookie tecnici <br \/><\/strong><\/p>\n<p>Sono i cookie che servono ad effettuare la navigazione o fornire un servizio richiesto dall\u2019utente. Non vengono utilizzati per scopi ulteriori e sono normalmente installati direttamente dal titolare del sito web. Senza il ricorso a tali cookie, alcune operazioni non potrebbero essere compiute o sarebbero pi\u00f9 complesse. Per tali operazioni i cookie, che consentono di effettuare e mantenere l\u2019identificazione dell\u2019utente nell\u2019ambito della sessione, risultano essere indispensabili.<\/p>\n<p>I cookie analytics, pur non essendo cookie tecnici, possono essere a loro assimilati se utilizzati dal titolare del sito ai fini di ottimizzare il sito; per il tramite di questa tipologia di cookie, infatti, il titolare pu\u00f2 raccogliere informazioni in forma aggregata sul numero degli utenti e su come essi visitano il sito. A queste condizioni, per i cookie analytics valgono le stesse regole, in tema di informativa e consenso, previste per i cookie tecnici.<\/p>\n<p><strong>Durata dei cookie<\/strong><\/p>\n<p>Alcuni cookie (c.d. cookie di sessione) restano attivi fino alla chiusura del browser; altri cookie restano attivi anche dopo l\u2019intervenuta chiusura del browser e sono disponibili anche in successive visite dell\u2019utente. Questa seconda tipologia di cookie (definiti, proprio per questa loro caratteristica, \u201cpersistenti\u201d) ha una durata che \u00e8 fissata dal server al momento della loro creazione. In alcuni casi, la durata \u00e8 temporanea mentre in altri casi la durata \u00e8 illimitata.<\/p>\n<p><strong>Gestione dei cookie<\/strong><\/p>\n<p>Gli utenti possono decidere se accettare o meno i cookie utilizzando le impostazioni del proprio browser.<br \/> La disabilitazione anche solo parziale dei cookie tecnici o di terze parti potrebbe compromettere l\u2019utilizzo di alcune funzionalit\u00e0 del sito.<br \/> I migliori browser consentono di definire impostazioni diverse per i cookie di propriet\u00e0 e per quelli di parti terze.<\/p>\n<p>Di seguito, vengono indicate le risorse web che illustrano come procedere per ciascuno dei principali browser.<\/p>\n<p>Chrome: <a href=\"https:\/\/support.google.com\/chrome\/answer\/95647?hl=it\" target=\"blank\">https:\/\/support.google.com\/chrome\/answer\/95647?hl=it<\/a><br \/> Firefox: <a href=\"https:\/\/support.mozilla.org\/it\/kb\/Gestione%20dei %20cookie\" target=\"blank\">https:\/\/support.mozilla.org\/it\/kb\/Gestione dei cookie<\/a><br \/> Internet explorer: <a href=\"http:\/\/windows.microsoft.com\/it-it\/windows7\/how-to-manage-cookies-in-internet-explorer-9\" target=\"blank\">http:\/\/windows.microsoft.com\/it-it\/windows7\/how-to-manage-cookies-in-internet-explorer-9<\/a><br \/> Opera: <a href=\"https:\/\/help.opera.com\/en\/latest\/web-preferences\/\" target=\"blank\">https:\/\/help.opera.com\/en\/latest\/web-preferences\/<\/a><br \/> Safari: <a href=\"http:\/\/support.apple.com\/kb\/HT1677?viewlocale=it_IT\" target=\"blank\">http:\/\/support.apple.com\/kb\/HT1677?viewlocale=it_IT<\/a>.<\/p>\n<p><a href=\"https:\/\/policies.google.com\/privacy?hl=it&amp;gl=it\" target=\"_blank\" rel=\"noopener\"><\/a><\/p>\n<p>[\/et_pb_text][\/et_pb_column][\/et_pb_row][\/et_pb_section]<\/p>\n","protected":false},"excerpt":{"rendered":"<p>Informativa sui cookie Questo sito utilizza esclusivamente cookie necessari al suo funzionamento. Non sono presenti cookie di profilazione o cookie di terze parti. Di seguito maggiori informazioni in merito ai cookie e all\u2019utilizzo che ne viene fatto. Qualora foste contrari all\u2019utilizzo dei cookie, potete procedere con la loro disabilitazione, seguendo le istruzioni riportate pi\u00f9 sotto. [&hellip;]<\/p>\n","protected":false},"author":1,"featured_media":0,"parent":0,"menu_order":0,"comment_status":"open","ping_status":"closed","template":"","meta":{"_et_pb_use_builder":"on","_et_pb_old_content":"<p><i><a href=\"https:\/\/www.albabertolini.it\/wp-content\/uploads\/2015\/02\/alba.png\"><img class=\" size-full wp-image-42 alignright\" src=\"https:\/\/www.albabertolini.it\/wp-content\/uploads\/2015\/02\/alba.png\" alt=\"alba\" width=\"211\" height=\"200\" \/><\/a>\"La bellezza salver\u00e0 il mondo\"<\/i><\/p><p>Grafica e Web designer della prima ora :-)<br \/> La mia soddisfazione \u00e8 dar vita a qualcosa di bello e funzionale,<br \/> che sia al servizio di ci\u00f2 che si vuole comunicare e dell'esperienza dell'utente.<\/p><p><a href=\"https:\/\/www.albabertolini.it\/wp-content\/uploads\/2015\/02\/cv_alba_bertolini.pdf\">Scarica il mio Curriculum.pdf<\/a><\/p><p><b>Competenze<\/b><br \/> Web Design + Grafica + Comunicazione + Logo Design + Immagine Coordinata + Editoria + Infografica + Digital Art+ Information Architecture + Usability + Html + Css + Wordpress + logiche SEO<\/p><p><b>Programmi<\/b><br \/> Adobe Photoshop, Dreamweaver, Illustrator, Indesign, Flash<\/p><p><b>Studi<\/b><br \/> Diploma Liceo Classico<br \/> Laurea in Filosofia Universit\u00e0 di Genova<\/p><p><b>Lingue straniere<\/b><br \/> Inglese buono parlato e scritto<\/p>","_et_gb_content_width":"","footnotes":""},"class_list":["post-40","page","type-page","status-publish","hentry"],"_links":{"self":[{"href":"https:\/\/www.albabertolini.it\/index.php?rest_route=\/wp\/v2\/pages\/40","targetHints":{"allow":["GET"]}}],"collection":[{"href":"https:\/\/www.albabertolini.it\/index.php?rest_route=\/wp\/v2\/pages"}],"about":[{"href":"https:\/\/www.albabertolini.it\/index.php?rest_route=\/wp\/v2\/types\/page"}],"author":[{"embeddable":true,"href":"https:\/\/www.albabertolini.it\/index.php?rest_route=\/wp\/v2\/users\/1"}],"replies":[{"embeddable":true,"href":"https:\/\/www.albabertolini.it\/index.php?rest_route=%2Fwp%2Fv2%2Fcomments&post=40"}],"version-history":[{"count":32,"href":"https:\/\/www.albabertolini.it\/index.php?rest_route=\/wp\/v2\/pages\/40\/revisions"}],"predecessor-version":[{"id":885,"href":"https:\/\/www.albabertolini.it\/index.php?rest_route=\/wp\/v2\/pages\/40\/revisions\/885"}],"wp:attachment":[{"href":"https:\/\/www.albabertolini.it\/index.php?rest_route=%2Fwp%2Fv2%2Fmedia&parent=40"}],"curies":[{"name":"wp","href":"https:\/\/api.w.org\/{rel}","templated":true}]}}